{"id":1760,"date":"2009-09-07T18:20:35","date_gmt":"2009-09-07T09:20:35","guid":{"rendered":"https:\/\/www.it-sol.jp\/blog\/?page_id=1760"},"modified":"2009-10-27T13:34:09","modified_gmt":"2009-10-27T04:34:09","slug":"gps-chaser-smtp%e3%82%b5%e3%83%bc%e3%83%90%e3%83%bc%e8%a8%ad%e5%ae%9a%e6%96%b9%e6%b3%95","status":"publish","type":"page","link":"https:\/\/www.it-sol.jp\/blog\/?page_id=1760","title":{"rendered":"GPS Chaser SMTP\u30b5\u30fc\u30d0\u8a2d\u5b9a\u4f8b"},"content":{"rendered":"<p style=\"text-align: center;\"><span style=\"font-size: medium;\"><span style=\"color: #333399;\"><strong>SMTP\u30b5\u30fc\u30d0\u8a2d\u5b9a\u4f8b<\/strong><\/span><\/span><\/p>\n<p>\u3010\u30b5\u30fc\u30d0\u4e00\u89a7\u3011<\/p>\n<div>\u30fb<a href=\"#gmail\">Gmail<\/a><\/div>\n<div>\u30fb<a href=\"#Yahoo!Japan\">Yahoo! \u30e1\u30fc\u30eb(Yahoo! Japan)<\/a><\/div>\n<div>\u30fb<a href=\"#Yahoo.com\">Yahoo! Mail(Yahoo.com)<\/a><\/div>\n<div>\u30fb<a href=\"#WindowsLiveHotmail\">Windows Live Hotmail<\/a><\/div>\n<div>\u30fb<a href=\"#Hotmail\">Hotmail<\/a><\/div>\n<div>\u30fb<a href=\"#AOLMail\">AOL Mail<\/a><\/div>\n<div>\u30fb<a href=\"#Yahoo!BB\">Yahoo! BB<\/a><\/div>\n<div>\u30fb<a href=\"#SoftBank\">SoftBank \u30e1\u30fc\u30eb<\/a><\/div>\n<div>\u30fb<a href=\"#Mobile Me\">Mobile Me<\/a><\/div>\n<div>\u30fb<a href=\"#OCN\">OCN<\/a><\/div>\n<div>\u30fb<a href=\"#BIGLOBE\">BIGLOBE<\/a><\/div>\n<div>\u30fb<a href=\"#plala\">plala<\/a><\/div>\n<div>\u30fb<a href=\"#So-net\">So-net<\/a><\/div>\n<div>\u30fb<a href=\"#WAKWAK\">WAKWAK<\/a><\/div>\n<p><strong> <\/strong><\/p>\n<p>\u6b21\u306e\u3088\u3046\u306b\u8a2d\u5b9a\u9805\u76ee\u3092\u5165\u529b\u3057\u3066\u4e0b\u3055\u3044\u3002<\/p>\n<li><a name=\"gmail\"><strong>Gmail<\/strong><\/a><\/li>\n<table border=\"1\">\n<tbody>\n<tr>\n<td style=\"TEXT-ALIGN: center\" width=\"90\">\u30b5\u30fc\u30d0\u540d<\/td>\n<td width=\"190\">smtp.gmail.com<\/td>\n<\/tr>\n<tr>\n<td style=\"TEXT-ALIGN: center\">\u30dd\u30fc\u30c8\u756a\u53f7<\/td>\n<td>587<\/td>\n<\/tr>\n<tr>\n<td style=\"TEXT-ALIGN: center\">\u30e6\u30fc\u30b6\u540d<\/td>\n<td>Gmail\u3078\u767b\u9332\u3057\u305f\u30e1\u30fc\u30eb\u30a2\u30c9\u30ec\u30b9<\/p>\n<p>(\u4f8b it-sol@gmail.com)<\/td>\n<\/tr>\n<tr>\n<td style=\"TEXT-ALIGN: center\">\u30d1\u30b9\u30ef\u30fc\u30c9<\/td>\n<td>Gmail\u3078\u767b\u9332\u3057\u305f\u30d1\u30b9\u30ef\u30fc\u30c9<\/td>\n<\/tr>\n<tr>\n<td style=\"TEXT-ALIGN: center\" width=\"90\">\u5dee\u51fa\u4eba\u30a2\u30c9\u30ec\u30b9<\/td>\n<td width=\"190\">Gmail\u3078\u767b\u9332\u3057\u305f\u30e1\u30fc\u30eb\u30a2\u30c9\u30ec\u30b9<\/p>\n<p>(\u4f8b it-sol@gmail.com)<\/td>\n<\/tr>\n<\/tbody>\n<\/table>\n<p style=\"text-align: left;\">\u203b\u53c2\u8003\u3000<a title=\"\u30af\u30e9\u30a4\u30a2\u30f3\u30c8\u306e\u8a2d\u5b9a\" href=\"http:\/\/mail.google.com\/support\/bin\/answer.py?hl=jp&amp;answer=13287\" target=\"_blank\">\u30af\u30e9\u30a4\u30a2\u30f3\u30c8\u306e\u8a2d\u5b9a<\/a>\uff08\u5916\u90e8\u30ea\u30f3\u30af\uff09<\/p>\n<li><a name=\"Yahoo!Japan\"><strong>Yahoo! \u30e1\u30fc\u30eb(Yahoo! Japan)    <\/strong><\/a><\/li>\n<table border=\"1\">\n<tbody>\n<tr>\n<td style=\"TEXT-ALIGN: center\" width=\"90\">\u30b5\u30fc\u30d0\u540d<\/td>\n<td>smtp.mail.yahoo.co.jp<\/td>\n<\/tr>\n<tr>\n<td style=\"TEXT-ALIGN: center\">\u30dd\u30fc\u30c8\u756a\u53f7<\/td>\n<td>587<\/td>\n<\/tr>\n<tr>\n<td style=\"TEXT-ALIGN: center\">\u30e6\u30fc\u30b6\u540d<\/td>\n<td>Yahoo! \u30e1\u30fc\u30eb\u3078\u767b\u9332\u3057\u305f\u30e1\u30fc\u30eb\u30a2\u30c9\u30ec\u30b9\u4e2d\u306e@\u3088\u308a\u524d\u306e\u90e8\u5206\u3000<\/p>\n<p>(\u4f8b it-sol)<\/td>\n<\/tr>\n<tr>\n<td style=\"TEXT-ALIGN: center\">\u30d1\u30b9\u30ef\u30fc\u30c9<\/td>\n<td>Yahoo! \u30e1\u30fc\u30eb\u3078\u767b\u9332\u3057\u305f\u30d1\u30b9\u30ef\u30fc\u30c9<\/td>\n<\/tr>\n<tr>\n<td style=\"TEXT-ALIGN: center\" width=\"90\">\u5dee\u51fa\u4eba\u30a2\u30c9\u30ec\u30b9<\/td>\n<td width=\"190\">Yahoo! \u30e1\u30fc\u30eb\u3078\u767b\u9332\u3057\u305f\u30e1\u30fc\u30eb\u30a2\u30c9\u30ec\u30b9<\/p>\n<p>(\u4f8b it-sol@yahoo.co.jp)<\/td>\n<\/tr>\n<\/tbody>\n<\/table>\n<p style=\"text-align: left;\"> \u203b\u53c2\u8003 <a title=\"Yahoo! \u30e1\u30fc\u30eb \u30d8\u30eb\u30d7\" href=\"http:\/\/help.yahoo.co.jp\/help\/jp\/mail\/mailsoft\/mailsoft-01.html\" target=\"_blank\">\u30e1\u30fc\u30eb\u30bd\u30d5\u30c8\u3067\u9001\u53d7\u4fe1\u3059\u308b\u306b\u306f<\/a>\uff08\u5916\u90e8\u30ea\u30f3\u30af\uff09<\/p>\n<div style=\"text-align: left;\">\n<li><a name=\"Yahoo.com\"><strong>Yahoo! Mail(Yahoo.com)   <\/strong><\/a><\/li>\n<\/div>\n<table border=\"1\">\n<tbody>\n<tr>\n<td style=\"TEXT-ALIGN: center\">\u30b5\u30fc\u30d0\u540d<\/td>\n<td>smtp.mobile.mail.yahoo.com<\/td>\n<\/tr>\n<tr>\n<td style=\"TEXT-ALIGN: center\">\u30dd\u30fc\u30c8\u756a\u53f7<\/td>\n<td>587<\/td>\n<\/tr>\n<tr>\n<td style=\"TEXT-ALIGN: center\">\u30e6\u30fc\u30b6\u540d<\/td>\n<td>Yahoo! Mail\u3078\u767b\u9332\u3057\u305f\u30e1\u30fc\u30eb\u30a2\u30c9\u30ec\u30b9<\/p>\n<p>(\u4f8b it-sol@yahoo.com)<\/td>\n<\/tr>\n<tr>\n<td style=\"TEXT-ALIGN: center\">\u30d1\u30b9\u30ef\u30fc\u30c9<\/td>\n<td>Yahoo! Mail\u3078\u767b\u9332\u3057\u305f\u30d1\u30b9\u30ef\u30fc\u30c9<\/td>\n<\/tr>\n<tr>\n<td style=\"TEXT-ALIGN: center\" width=\"90\">\u5dee\u51fa\u4eba\u30a2\u30c9\u30ec\u30b9<\/td>\n<td width=\"190\">Yahoo! Mail\u3078\u767b\u9332\u3057\u305f\u30e1\u30fc\u30eb\u30a2\u30c9\u30ec\u30b9<\/p>\n<p>(\u4f8b it-sol@yahoo.com)<\/td>\n<\/tr>\n<\/tbody>\n<\/table>\n<p style=\"text-align: left;\">\n<li><a name=\"WindowsLiveHotmail\"><strong>Windows Live Hotmail<\/strong><\/a><\/li>\n<table border=\"1\">\n<tbody>\n<tr>\n<td style=\"TEXT-ALIGN: center\">\u30b5\u30fc\u30d0\u540d<\/td>\n<td>smtp.live.com<\/td>\n<\/tr>\n<tr>\n<td style=\"TEXT-ALIGN: center\">\u30dd\u30fc\u30c8\u756a\u53f7<\/td>\n<td>587<\/td>\n<\/tr>\n<tr>\n<td style=\"TEXT-ALIGN: center\">\u30e6\u30fc\u30b6\u540d<\/td>\n<td>Windows Live Hotmail\u3078\u767b\u9332\u3057\u305f\u30e1\u30fc\u30eb\u30a2\u30c9\u30ec\u30b9<\/p>\n<p>(\u4f8b it-sol@live.com\u307e\u305f\u306fit-sol@live.jp)<\/td>\n<\/tr>\n<tr>\n<td style=\"TEXT-ALIGN: center\">\u30d1\u30b9\u30ef\u30fc\u30c9<\/td>\n<td>Windows Live Hotmail\u3078\u767b\u9332\u3057\u305f\u30d1\u30b9\u30ef\u30fc\u30c9<\/td>\n<\/tr>\n<tr>\n<td style=\"TEXT-ALIGN: center\" width=\"90\">\u5dee\u51fa\u4eba\u30a2\u30c9\u30ec\u30b9<\/td>\n<td width=\"190\">Windows Live Hotmail\u3078\u767b\u9332\u3057\u305f\u30e1\u30fc\u30eb\u30a2\u30c9\u30ec\u30b9<\/p>\n<p>(\u4f8b it-sol@live.com\u307e\u305f\u306fit-sol@live.jp)<\/td>\n<\/tr>\n<\/tbody>\n<\/table>\n<p><strong> <\/strong><\/p>\n<li><a name=\"Hotmail\"><strong>Hotmail<\/strong><\/a><\/li>\n<table border=\"1\">\n<tbody>\n<tr>\n<td style=\"TEXT-ALIGN: center\">\u30b5\u30fc\u30d0\u540d<\/td>\n<td>smtp.live.com<\/td>\n<\/tr>\n<tr>\n<td style=\"TEXT-ALIGN: center\">\u30dd\u30fc\u30c8\u756a\u53f7<\/td>\n<td>587<\/td>\n<\/tr>\n<tr>\n<td style=\"TEXT-ALIGN: center\">\u30e6\u30fc\u30b6\u540d<\/td>\n<td>Hotmail\u3078\u767b\u9332\u3057\u305f\u30e1\u30fc\u30eb\u30a2\u30c9\u30ec\u30b9<\/p>\n<p>(\u4f8b it-sol@hotmail.com\u307e\u305f\u306fit-sol@hotmail.co.jp)<\/td>\n<\/tr>\n<tr>\n<td style=\"TEXT-ALIGN: center\">\u30d1\u30b9\u30ef\u30fc\u30c9<\/td>\n<td>Hotmail\u3078\u767b\u9332\u3057\u305f\u30d1\u30b9\u30ef\u30fc\u30c9<\/td>\n<\/tr>\n<tr>\n<td style=\"TEXT-ALIGN: center\" width=\"90\">\u5dee\u51fa\u4eba\u30a2\u30c9\u30ec\u30b9<\/td>\n<td width=\"190\">Hotmail\u3078\u767b\u9332\u3057\u305f\u30e1\u30fc\u30eb\u30a2\u30c9\u30ec\u30b9<\/p>\n<p>(\u4f8b it-sol@hotmail.com\u307e\u305f\u306fit-sol@hotmail.co.jp)<\/td>\n<\/tr>\n<\/tbody>\n<\/table>\n<li><a  name=\"AOLMail\"><strong>AOL Mail<\/strong><\/a><\/li>\n<table border=\"1\">\n<tbody>\n<tr>\n<td style=\"TEXT-ALIGN: center\">\u30b5\u30fc\u30d0\u540d<\/td>\n<td>smtp.aol.com<\/td>\n<\/tr>\n<tr>\n<td style=\"TEXT-ALIGN: center\">\u30dd\u30fc\u30c8\u756a\u53f7<\/td>\n<td>587<\/td>\n<\/tr>\n<tr>\n<td style=\"TEXT-ALIGN: center\">\u30e6\u30fc\u30b6\u540d<\/td>\n<td>AOL\u3078\u767b\u9332\u3057\u305f\u30e1\u30fc\u30eb\u30a2\u30c9\u30ec\u30b9\u4e2d\u306e@\u3088\u308a\u524d\u306e\u90e8\u5206\u3000<\/p>\n<p>(\u4f8b it-sol)<\/td>\n<\/tr>\n<tr>\n<td style=\"TEXT-ALIGN: center\">\u30d1\u30b9\u30ef\u30fc\u30c9<\/td>\n<td>AOL\u3078\u767b\u9332\u3057\u305f\u30d1\u30b9\u30ef\u30fc\u30c9<\/td>\n<\/tr>\n<tr>\n<td style=\"TEXT-ALIGN: center\" width=\"90\">\u5dee\u51fa\u4eba\u30a2\u30c9\u30ec\u30b9<\/td>\n<td width=\"190\">AOL\u3078\u767b\u9332\u3057\u305f\u30e1\u30fc\u30eb\u30a2\u30c9\u30ec\u30b9<\/p>\n<p>(\u4f8b it-sol@aol.com\u307e\u305f\u306fit-sol@aol.jp)<\/td>\n<\/tr>\n<\/tbody>\n<\/table>\n<p><strong> <\/strong><\/p>\n<li><a name=\"Yahoo!BB\"><strong>Yahoo! BB                        <\/strong><\/a><\/li>\n<table border=\"1\">\n<tbody>\n<tr>\n<td style=\"TEXT-ALIGN: center\" width=\"90\">\u30b5\u30fc\u30d0\u540d<\/td>\n<td>ybbsmtp.mail.yahoo.co.jp<\/td>\n<\/tr>\n<tr>\n<td style=\"TEXT-ALIGN: center\">\u30dd\u30fc\u30c8\u756a\u53f7<\/td>\n<td>587<\/td>\n<\/tr>\n<tr>\n<td style=\"TEXT-ALIGN: center\">\u30e6\u30fc\u30b6\u540d<\/td>\n<td width=\"190\">Yahoo! BB\u3078\u767b\u9332\u3057\u305f\u30e1\u30fc\u30eb\u30a2\u30c9\u30ec\u30b9\u4e2d\u306e@\u3088\u308a\u524d\u306e\u90e8\u5206\u3000<\/p>\n<p>(\u4f8b it-sol)<\/td>\n<\/tr>\n<tr>\n<td style=\"TEXT-ALIGN: center\" width=\"90\">\u30d1\u30b9\u30ef\u30fc\u30c9<\/td>\n<td width=\"190\">Yahoo! BB\u3078\u767b\u9332\u3057\u305f\u30d1\u30b9\u30ef\u30fc\u30c9<\/td>\n<\/tr>\n<tr>\n<td style=\"TEXT-ALIGN: center\">\u5dee\u51fa\u4eba\u30a2\u30c9\u30ec\u30b9<\/td>\n<td>Yahoo! BB\u3078\u767b\u9332\u3057\u305f\u30e1\u30fc\u30eb\u30a2\u30c9\u30ec\u30b9<\/p>\n<p>(\u4f8b it-sol@ybb.ne.jp)<\/td>\n<\/tr>\n<\/tbody>\n<\/table>\n<p>\u203b\u53c2\u8003 <a title=\"\u30e1\u30fc\u30eb\u30bd\u30d5\u30c8\u306e\u8a2d\u5b9a\" href=\"https:\/\/ybb.softbank.jp\/support\/connect\/mail\/win_oe_setup.html\" target=\"_blank\">\u30e1\u30fc\u30eb\u30bd\u30d5\u30c8\u306e\u8a2d\u5b9a<\/a>\uff08\u5916\u90e8\u30ea\u30f3\u30af\uff09<\/p>\n<li><a name=\"SoftBank\"><strong>SoftBank \u30e1\u30fc\u30eb            <\/strong><\/a><\/li>\n<table border=\"1\">\n<tbody>\n<tr>\n<td style=\"TEXT-ALIGN: center\">\u30b5\u30fc\u30d0\u540d<\/td>\n<td>smtp.softbank.jp<\/td>\n<\/tr>\n<tr>\n<td style=\"TEXT-ALIGN: center\">\u30dd\u30fc\u30c8\u756a\u53f7<\/td>\n<td>587<\/td>\n<\/tr>\n<tr>\n<td style=\"TEXT-ALIGN: center\">\u30e6\u30fc\u30b6\u540d<\/td>\n<td>SoftBank\u3078\u767b\u9332\u3057\u305f\u30e1\u30fc\u30eb\u30a2\u30c9\u30ec\u30b9\u4e2d\u306e@\u3088\u308a\u524d\u306e\u90e8\u5206\u3000<\/p>\n<p>(\u4f8b it-sol)<\/td>\n<\/tr>\n<tr>\n<td style=\"TEXT-ALIGN: center\" width=\"90\">\u30d1\u30b9\u30ef\u30fc\u30c9<\/td>\n<td width=\"190\">SoftBank\u3078\u767b\u9332\u3057\u305f\u30d1\u30b9\u30ef\u30fc\u30c9<\/td>\n<\/tr>\n<tr>\n<td style=\"TEXT-ALIGN: center\">\u5dee\u51fa\u4eba\u30a2\u30c9\u30ec\u30b9<\/td>\n<td>SoftBank\u3078\u767b\u9332\u3057\u305f\u30e1\u30fc\u30eb\u30a2\u30c9\u30ec\u30b9<\/p>\n<p>(\u4f8b it-sol@i.softbank.jp)<\/td>\n<\/tr>\n<\/tbody>\n<\/table>\n<p>\u203b\u53c2\u8003 <a title=\"\u30e1\u30fc\u30eb\u30bd\u30d5\u30c8\u306e\u8a2d\u5b9a\" href=\"https:\/\/ybb.softbank.jp\/support\/connect\/mail\/win_oe_setup.html\" target=\"_blank\">\u30e1\u30fc\u30eb\u30bd\u30d5\u30c8\u306e\u8a2d\u5b9a<\/a>\uff08\u5916\u90e8\u30ea\u30f3\u30af\uff09<\/p>\n<p>\u203b\u00d7\u00d7\u00d7\u00d7\u00d7@softbank.ne.jp\u306fiPhone\u306eMMS\u7528\u30e1\u30fc\u30eb\u30a2\u30c9\u30ec\u30b9\u306e\u305f\u3081\u3001\u3054\u5229\u7528\u3044\u305f\u3060\u3051\u307e\u305b\u3093\u3002<\/p>\n<li><a name=\"Mobile Me\"><strong>Mobile Me                       <\/strong><\/a><\/li>\n<table border=\"1\">\n<tbody>\n<tr>\n<td style=\"TEXT-ALIGN: center\">\u30b5\u30fc\u30d0\u540d<\/td>\n<td>smtp.me.com<\/td>\n<\/tr>\n<tr>\n<td style=\"TEXT-ALIGN: center\">\u30dd\u30fc\u30c8\u756a\u53f7<\/td>\n<td>587<\/td>\n<\/tr>\n<tr>\n<td style=\"TEXT-ALIGN: center\">\u30e6\u30fc\u30b6\u540d<\/td>\n<td>Mobile Me\u3078\u767b\u9332\u3057\u305f\u30e1\u30fc\u30eb\u30a2\u30c9\u30ec\u30b9\u4e2d\u306e@\u3088\u308a\u524d\u306e\u90e8\u5206\u3000<\/p>\n<p>(\u4f8b it-sol)<\/td>\n<\/tr>\n<tr>\n<td style=\"TEXT-ALIGN: center\">\u30d1\u30b9\u30ef\u30fc\u30c9<\/td>\n<td>Mobile Me\u3078\u767b\u9332\u3057\u305f\u30d1\u30b9\u30ef\u30fc\u30c9<\/td>\n<\/tr>\n<tr>\n<td style=\"TEXT-ALIGN: center\" width=\"90\">\u5dee\u51fa\u4eba\u30a2\u30c9\u30ec\u30b9<\/td>\n<td width=\"190\">Mobile Me\u3078\u767b\u9332\u3057\u305f\u30e1\u30fc\u30eb\u30a2\u30c9\u30ec\u30b9<\/p>\n<p>(\u4f8b it-sol@me.com)<\/td>\n<\/tr>\n<\/tbody>\n<\/table>\n<p style=\"text-align: left;\">\u203b\u53c2\u8003 <a title=\"\u4ed6\u793e\u88fd\u30e1\u30fc\u30eb\u30a2\u30d7\u30ea\u30b1\u30fc\u30b7\u30e7\u30f3\u306e\u8a2d\u5b9a\" href=\"http:\/\/support.apple.com\/kb\/HT1625?viewlocale=ja_JP\" target=\"_blank\">\u30e1\u30fc\u30eb\u306e\u8a2d\u5b9a<\/a>\uff08\u5916\u90e8\u30ea\u30f3\u30af\uff09<\/p>\n<li><a name=\"OCN\"><strong>OCN  <\/strong><\/a><\/li>\n<table border=\"1\">\n<tbody>\n<tr>\n<td style=\"TEXT-ALIGN: center\" width=\"90\">\u30b5\u30fc\u30d0\u540d<\/td>\n<td width=\"190\">\u201csmtp.vc\u201d+OCN\u3078\u767b\u9332\u3057\u305f\u30e1\u30fc\u30eb\u30a2\u30c9\u30ec\u30b9\u306e@\u3088\u308a\u53f3\u5074(\u30e1\u30fc\u30eb\u30a2\u30c9\u30ec\u30b9\u304c\u3001it-sol@\u00d7\u00d7\u00d7.ocn.ne.jp\u306e\u5834\u5408smtp.vc\u00d7\u00d7\u00d7.ocn.ne.jp\u3068\u306a\u308a\u307e\u3059\u3002)<\/p>\n<p>(\u30b5\u30d6\u30c9\u30e1\u30a4\u30f3\u00d7\u00d7\u00d7\u306f\u5404\u30e6\u30fc\u30b6\u3067\u7570\u306a\u308a\u307e\u3059\u3002)<\/td>\n<\/tr>\n<tr>\n<td style=\"TEXT-ALIGN: center\">\u30dd\u30fc\u30c8\u756a\u53f7<\/td>\n<td>587<\/td>\n<\/tr>\n<tr>\n<td style=\"TEXT-ALIGN: center\">\u30e6\u30fc\u30b6\u540d<\/td>\n<td>OCN\u3078\u767b\u9332\u3057\u305f\u30e6\u30fc\u30b6\u540d<\/p>\n<p>(\u4f8b it-sol)<\/td>\n<\/tr>\n<tr>\n<td style=\"TEXT-ALIGN: center\">\u30d1\u30b9\u30ef\u30fc\u30c9<\/td>\n<td>OCN\u3078\u767b\u9332\u3057\u305f\u30d1\u30b9\u30ef\u30fc\u30c9<\/td>\n<\/tr>\n<tr>\n<td style=\"TEXT-ALIGN: center\" width=\"90\">\u5dee\u51fa\u4eba\u30a2\u30c9\u30ec\u30b9<\/td>\n<td width=\"190\">OCN\u3078\u767b\u9332\u3057\u305f\u30e1\u30fc\u30eb\u30a2\u30c9\u30ec\u30b9<\/p>\n<p>(\u4f8b it-sol@\u00d7\u00d7\u00d7.ocn.ne.jp)<\/p>\n<p>(\u30b5\u30d6\u30c9\u30e1\u30a4\u30f3\u00d7\u00d7\u00d7\u306f\u5404\u30e6\u30fc\u30b6\u3067\u7570\u306a\u308a\u307e\u3059\u3002)<\/td>\n<\/tr>\n<\/tbody>\n<\/table>\n<p style=\"text-align: left;\">\u203b\u53c2\u8003 <a title=\"\u30e1\u30fc\u30eb\u6295\u7a3f\u30dd\u30fc\u30c8\u306e\u8a2d\u5b9a\" href=\"http:\/\/www.ocn.ne.jp\/mail\/smtp-auth\/\" target=\"_blank\">\u30e1\u30fc\u30eb\u6295\u7a3f\u30dd\u30fc\u30c8\u306e\u8a2d\u5b9a<\/a>\uff08\u5916\u90e8\u30ea\u30f3\u30af\uff09<\/p>\n<li><a name=\"BIGLOBE\"><strong>BIGLOBE              <\/strong><\/a><\/li>\n<table border=\"1\">\n<tbody>\n<tr>\n<td style=\"TEXT-ALIGN: center\">\u30b5\u30fc\u30d0\u540d<\/td>\n<td>mail.biglobe.ne.jp<\/td>\n<\/tr>\n<tr>\n<td style=\"TEXT-ALIGN: center\">\u30dd\u30fc\u30c8\u756a\u53f7<\/td>\n<td>587<\/td>\n<\/tr>\n<tr>\n<td style=\"TEXT-ALIGN: center\">\u30e6\u30fc\u30b6\u540d<\/td>\n<td>BIGLOBE\u3078\u767b\u9332\u3057\u305f\u30e1\u30fc\u30eb\u30a2\u30c9\u30ec\u30b9<\/p>\n<p>(\u4f8b it-sol<span style=\"color: #000000;\">@\u00d7\u00d7\u00d7.biglobe<\/span>.ne.jp)<\/p>\n<p>(\u00d7\u00d7\u00d7\u306f\u30b5\u30d6\u30c9\u30e1\u30a4\u30f3\u3067\u3059)<\/td>\n<\/tr>\n<tr>\n<td style=\"TEXT-ALIGN: center\">\u30d1\u30b9\u30ef\u30fc\u30c9<\/td>\n<td>BIGLOBE\u3078\u767b\u9332\u3057\u305f\u30d1\u30b9\u30ef\u30fc\u30c9<\/td>\n<\/tr>\n<tr>\n<td style=\"TEXT-ALIGN: center\" width=\"90\">\u5dee\u51fa\u4eba\u30a2\u30c9\u30ec\u30b9<\/td>\n<td width=\"190\">BIGLOBE\u3078\u767b\u9332\u3057\u305f\u30e1\u30fc\u30eb\u30a2\u30c9\u30ec\u30b9<\/p>\n<p>(\u4f8b it-sol@\u00d7\u00d7\u00d7.biglobe.ne.jp)<\/p>\n<p>(\u00d7\u00d7\u00d7\u306f\u30b5\u30d6\u30c9\u30e1\u30a4\u30f3\u3067\u3059)<\/td>\n<\/tr>\n<\/tbody>\n<\/table>\n<p>\u203b\u53c2\u8003 <a title=\"BIGLOBE\u30e1\u30fc\u30eb\u306e\u4ed5\u69d8\" href=\"http:\/\/email.biglobe.ne.jp\/mailusage.html\" target=\"_blank\">BIGLOBE\u30e1\u30fc\u30eb\u306e\u4ed5\u69d8 <\/a>\uff08\u5916\u90e8\u30ea\u30f3\u30af\uff09<\/p>\n<li><a name=\"plala\"><strong>plala<\/strong><\/a><\/li>\n<table border=\"1\">\n<tbody>\n<tr>\n<td style=\"TEXT-ALIGN: center\">\u30b5\u30fc\u30d0\u540d<\/td>\n<td>\u00d7\u00d7\u00d7.mail.plala.or.jp(\u30b5\u30d6\u30c9\u30e1\u30a4\u30f3\u00d7\u00d7\u00d7\u306f\u5404\u30e6\u30fc\u30b6\u3067\u7570\u306a\u308a\u307e\u3059\u3002)<\/td>\n<\/tr>\n<tr>\n<td style=\"TEXT-ALIGN: center\">\u30dd\u30fc\u30c8\u756a\u53f7<\/td>\n<td>587<\/td>\n<\/tr>\n<tr>\n<td style=\"TEXT-ALIGN: center\">\u30e6\u30fc\u30b6\u540d<\/td>\n<td>plala\u3078\u767b\u9332\u3057\u305f\u30e1\u30fc\u30eb\u30a2\u30c9\u30ec\u30b9\u4e2d\u306e@\u3088\u308a\u524d\u306e\u90e8\u5206\u3000<\/p>\n<p>(\u4f8b it-sol)<\/td>\n<\/tr>\n<tr>\n<td style=\"TEXT-ALIGN: center\">\u30d1\u30b9\u30ef\u30fc\u30c9<\/td>\n<td>plala\u3078\u767b\u9332\u3057\u305f\u30d1\u30b9\u30ef\u30fc\u30c9<\/td>\n<\/tr>\n<tr>\n<td style=\"TEXT-ALIGN: center\" width=\"90\">\u5dee\u51fa\u4eba\u30a2\u30c9\u30ec\u30b9<\/td>\n<td width=\"190\">plala\u3078\u767b\u9332\u3057\u305f\u30e1\u30fc\u30eb\u30a2\u30c9\u30ec\u30b9<\/p>\n<p>(\u4f8b it-sol@\u00d7\u00d7\u00d7.mail.plala.or.jp)<\/p>\n<p>(\u30b5\u30d6\u30c9\u30e1\u30a4\u30f3\u00d7\u00d7\u00d7\u306f\u5404\u30e6\u30fc\u30b6\u3067\u7570\u306a\u308a\u307e\u3059\u3002)<\/td>\n<\/tr>\n<\/tbody>\n<\/table>\n<p>\u203b\u53c2\u8003 <a title=\"Outlook Express \u8a2d\u5b9a\u65b9\u6cd5\" href=\"http:\/\/www.plala.or.jp\/access\/study\/faq\/ser\/mail\/win\/outlook_ex\/index.html\" target=\"_blank\">\u30e1\u30fc\u30eb\u306e\u8a2d\u5b9a\u65b9\u6cd5<\/a>\uff08\u5916\u90e8\u30ea\u30f3\u30af\uff09<\/p>\n<li><a name=\"So-net\"><strong>So-net<\/strong><strong> <\/strong> <\/a><\/li>\n<table border=\"1\">\n<tbody>\n<tr>\n<td style=\"TEXT-ALIGN: center\">\u30b5\u30fc\u30d0\u540d<\/td>\n<td>mail.so-net.ne.jp<\/td>\n<\/tr>\n<tr>\n<td style=\"TEXT-ALIGN: center\">\u30dd\u30fc\u30c8\u756a\u53f7<\/td>\n<td>587<\/td>\n<\/tr>\n<tr>\n<td style=\"TEXT-ALIGN: center\">\u30e6\u30fc\u30b6\u540d<\/td>\n<td>So-net\u3078\u767b\u9332\u3057\u305f\u30e1\u30fc\u30eb\u30a2\u30c9\u30ec\u30b9<\/p>\n<p>(\u4f8b it-sol)<\/td>\n<\/tr>\n<tr>\n<td style=\"TEXT-ALIGN: center\">\u30d1\u30b9\u30ef\u30fc\u30c9<\/td>\n<td>So-net\u3078\u767b\u9332\u3057\u305f\u30d1\u30b9\u30ef\u30fc\u30c9<\/td>\n<\/tr>\n<tr>\n<td style=\"TEXT-ALIGN: center\" width=\"90\">\u5dee\u51fa\u4eba\u30a2\u30c9\u30ec\u30b9<\/td>\n<td width=\"190\">So-net\u3078\u767b\u9332\u3057\u305f\u30e1\u30fc\u30eb\u30a2\u30c9\u30ec\u30b9<\/p>\n<p>(\u4f8b it-sol@\u00d7\u00d7\u00d7.so-net.ne.jp)<\/p>\n<p>(\u30b5\u30d6\u30c9\u30e1\u30a4\u30f3\u00d7\u00d7\u00d7\u306f\u5404\u30e6\u30fc\u30b6\u3067\u7570\u306a\u308a\u307e\u3059\u3002)<\/td>\n<\/tr>\n<\/tbody>\n<\/table>\n<p>\u203b\u53c2\u8003 <a title=\"\u30e1\u30fc\u30eb\u306e\u8a2d\u5b9a\u5024\" href=\"http:\/\/www.so-net.ne.jp\/support\/manual\/mail\/value\/index.html\" target=\"_blank\">\u30e1\u30fc\u30eb\u306e\u8a2d\u5b9a\u65b9\u6cd5<\/a>\uff08\u5916\u90e8\u30ea\u30f3\u30af\uff09<\/p>\n<li><a name=\"WAKWAK\"><strong>WAKWAK<\/strong><\/a><\/li>\n<table border=\"1\">\n<tbody>\n<tr>\n<td style=\"TEXT-ALIGN: center\">\u30b5\u30fc\u30d0\u540d<\/td>\n<td>\u00d7\u00d7\u00d7.wakwak.com(\u30b5\u30d6\u30c9\u30e1\u30a4\u30f3\u00d7\u00d7\u00d7\u306f\u5404\u30e6\u30fc\u30b6\u3067\u7570\u306a\u308a\u307e\u3059\u3002)<\/td>\n<\/tr>\n<tr>\n<td style=\"TEXT-ALIGN: center\">\u30dd\u30fc\u30c8\u756a\u53f7<\/td>\n<td>587<\/td>\n<\/tr>\n<tr>\n<td style=\"TEXT-ALIGN: center\">\u30e6\u30fc\u30b6\u540d<\/td>\n<td>WAKWAK\u3078\u767b\u9332\u3057\u305f\u30e1\u30fc\u30eb\u30a2\u30c9\u30ec\u30b9\u4e2d\u306e@\u3088\u308a\u524d\u306e\u90e8\u5206\u3000<\/p>\n<p>(\u4f8b it-sol)<\/td>\n<\/tr>\n<tr>\n<td style=\"TEXT-ALIGN: center\">\u30d1\u30b9\u30ef\u30fc\u30c9<\/td>\n<td>WAKWAK\u3078\u767b\u9332\u3057\u305f\u30d1\u30b9\u30ef\u30fc\u30c9<\/td>\n<\/tr>\n<tr>\n<td style=\"TEXT-ALIGN: center\" width=\"90\">\u5dee\u51fa\u4eba\u30a2\u30c9\u30ec\u30b9<\/td>\n<td width=\"190\">WAKWAK\u3078\u767b\u9332\u3057\u305f\u30e1\u30fc\u30eb\u30a2\u30c9\u30ec\u30b9<\/p>\n<p>(\u4f8b it-sol@\u00d7\u00d7\u00d7.wakwak.com)<\/p>\n<p>(\u30b5\u30d6\u30c9\u30e1\u30a4\u30f3\u00d7\u00d7\u00d7\u306f\u5404\u30e6\u30fc\u30b6\u3067\u7570\u306a\u308a\u307e\u3059\u3002)<\/td>\n<\/tr>\n<\/tbody>\n<\/table>\n<p>\u203b\u53c2\u8003 <a href=\"http:\/\/www.wakwak.com\/support\/setup\/mail\/smtp\/index.html\" target=\"_blank\">SMTP\u8a8d\u8a3c\u306e\u8a2d\u5b9a<\/a>\uff08\u5916\u90e8\u30ea\u30f3\u30af\uff09<\/p>\n<p style=\"text-align: left;\"><strong> \u3010\u6ce8\u610f\u4e8b\u9805\u3011<\/strong><strong><\/p>\n<p><\/strong><\/p>\n<ul type=\"disc\">\n<li>\u4e0a\u8a18\u8a2d\u5b9a\u306e\u30e6\u30fc\u30b6\u540d\u306f\u898b\u672c\u3067\u3059\u306e\u3067\u5b9f\u969b\u306b\u306f\u4f7f\u7528\u3067\u304d\u307e\u305b\u3093\u3002 \u30e6\u30fc\u30b6\u69d8\u3054\u81ea\u8eab\u306e\u30e6\u30fc\u30b6\u540d\u3092\u8a2d\u5b9a\u3057\u3066\u304f\u3060\u3055\u3044\u3002<\/li>\n<li>\u30e1\u30fc\u30eb\u5b9b\u5148\u3092\u8a2d\u5b9a\u3059\u308b\u969b\u306f\u3001\u5fc5\u305a\u53d7\u4fe1\u8005\u306e\u4e86\u627f\u3092\u5f97\u308b\u3088\u3046\u306b\u3057\u3066\u4e0b\u3055\u3044\u3002<\/li>\n<li>SMTP\u30b5\u30fc\u30d0\u306e\u8a2d\u5b9a\u306b\u95a2\u3059\u308b\u500b\u5225\u306e\u304a\u554f\u3044\u5408\u308f\u305b\u306b\u3064\u3044\u3066\u306f\u3001\u5f0a\u793e\u306f\u4e00\u5207\u304a\u7b54\u3048\u3059\u308b\u3053\u3068\u306f\u3067\u304d\u307e\u305b\u3093\u3002\u5404\u30d7\u30ed\u30d0\u30a4\u30c0\u3001\u30b5\u30fc\u30d3\u30b9\u63d0\u4f9b\u4f1a\u793e\u306b\u304a\u554f\u3044\u5408\u308f\u305b\u4e0b\u3055\u3044\u3002<\/li>\n<li>SMTP\u30b5\u30fc\u30d0\u60c5\u5831\u8a2d\u5b9a\u306b\u306f\u5fc5\u305a\u30e6\u30fc\u30b6\u69d8\u304c\u5951\u7d04\u3055\u308c\u3066\u3044\u308b\u30b5\u30fc\u30d0\u60c5\u5831\u3092\u8a2d\u5b9a\u3057\u3066\u304f\u3060\u3055\u3044\u3002 \u5951\u7d04\u5916\u306e\u30b5\u30fc\u30d0\u60c5\u5831\u3092\u8a2d\u5b9a\u3057\u3066\u4f7f\u7528\u3057\u305f\u5834\u5408\u3001\u4e0d\u6b63\u30a2\u30af\u30bb\u30b9\u7981\u6b62\u6cd5\u306b\u62b5\u89e6\u3059\u308b \u6050\u308c\u304c\u3042\u308a\u307e\u3059\u3002<\/li>\n<\/ul>\n<p><strong>\u3010\u514d\u8cac\u4e8b\u9805\u3011<\/strong><\/p>\n<ul type=\"disc\">\n<li>\u4e0a\u8a18\u8a2d\u5b9a\u4f8b\u306f2009\u5e749\u6708\u306b(\u682a)IT\u30bd\u30ea\u30e5\u30fc\u30b7\u30e7\u30f3(\u4ee5\u4e0b\u3001\u5f0a\u793e)\u304c\u72ec\u81ea\u306b\u8abf\u67fb\u3057\u305f\u60c5\u5831\u3067\u3042\u308a\u3001 \u5404\u30b5\u30fc\u30d3\u30b9\u63d0\u4f9b\u4f1a\u793e\u306e\u90fd\u5408\u306b\u3088\u308a\u3001\u8a2d\u5b9a\u65b9\u6cd5\u306e\u5909\u66f4\u3001\u30b5\u30fc\u30d3\u30b9\u306e\u4f11\u6b62\u30fb\u5ec3\u6b62\u7b49\u304c\u884c\u308f\u308c\u308b\u5834\u5408\u304c\u3042\u308a\u307e\u3059\u3002\u305d\u308c\u306b\u4f34\u3046\u640d\u5bb3\u3084\u4e0d\u5229\u76ca\u306b\u3064\u3044\u3066\u306f\u5f0a\u793e\u306f\u4e00\u5207\u306e\u8cac\u4efb\u3092\u8ca0\u3044\u307e\u305b\u3093\u3002<\/li>\n<\/ul>\n<p><a href=\"https:\/\/www.it-sol.jp\/blog\/?page_id=2159 \">\u300cGPS Chaser\u300d\u3078\u623b\u308b<\/a><\/p>\n<p><a href=\"https:\/\/www.it-sol.jp\/blog\/?page_id=2518 \">\u300cGPS Chaser -Lite-(Ver.1.10\uff5e)\u300d\u3078\u623b\u308b<\/a><\/p>\n<p><script language=\"JavaScript\"><\/p>\n<p><!--\n\ndN=new Date;\n\nMins=dN.getMinutes();\n\nSecs=dN.getSeconds();\n\nURL=document.referrer;\n\nif(URL==\"\"){URL=\"Unknown\";}\n\ndocument.write(\"<IMG SRC=\");\n\ndocument.write(\"https:\/\/www.it-sol.jp\/cgi-bin\/anlog\/logset.cgi?\");\n\ndocument.write(\"GPS+Chaser+SMTP%83T%81%5b%83o%90%dd%92%e8%97%e1\");\n\ndocument.write(\",\"+document.location.href+\",\"+URL+\",\");\n\ndocument.write(Mins+Secs);\n\ndocument.write(\">\");\n\n\/\/ --><\/script><\/p>\n<p><!-- GPS Chaser SMTP\u30b5\u30fc\u30d0\u8a2d\u5b9a\u4f8b --><\/p>\n","protected":false},"excerpt":{"rendered":"<p>SMTP\u30b5\u30fc\u30d0\u8a2d\u5b9a\u4f8b \u3010\u30b5\u30fc\u30d0\u4e00\u89a7\u3011 \u30fbGmail \u30fbYahoo! \u30e1\u30fc\u30eb(Yahoo! Japan) \u30fbYahoo! Mail(Yahoo.com) \u30fbWindows Live Hotmail \u30fbHotmail \u30fbAO [&hellip;]<\/p>\n","protected":false},"author":7,"featured_media":0,"parent":2159,"menu_order":0,"comment_status":"closed","ping_status":"closed","template":"","meta":[],"_links":{"self":[{"href":"https:\/\/www.it-sol.jp\/blog\/index.php?rest_route=\/wp\/v2\/pages\/1760"}],"collection":[{"href":"https:\/\/www.it-sol.jp\/blog\/index.php?rest_route=\/wp\/v2\/pages"}],"about":[{"href":"https:\/\/www.it-sol.jp\/blog\/index.php?rest_route=\/wp\/v2\/types\/page"}],"author":[{"embeddable":true,"href":"https:\/\/www.it-sol.jp\/blog\/index.php?rest_route=\/wp\/v2\/users\/7"}],"replies":[{"embeddable":true,"href":"https:\/\/www.it-sol.jp\/blog\/index.php?rest_route=%2Fwp%2Fv2%2Fcomments&post=1760"}],"version-history":[{"count":86,"href":"https:\/\/www.it-sol.jp\/blog\/index.php?rest_route=\/wp\/v2\/pages\/1760\/revisions"}],"predecessor-version":[{"id":3414,"href":"https:\/\/www.it-sol.jp\/blog\/index.php?rest_route=\/wp\/v2\/pages\/1760\/revisions\/3414"}],"up":[{"embeddable":true,"href":"https:\/\/www.it-sol.jp\/blog\/index.php?rest_route=\/wp\/v2\/pages\/2159"}],"wp:attachment":[{"href":"https:\/\/www.it-sol.jp\/blog\/index.php?rest_route=%2Fwp%2Fv2%2Fmedia&parent=1760"}],"curies":[{"name":"wp","href":"https:\/\/api.w.org\/{rel}","templated":true}]}}